{"id":15,"date":"2026-01-08T22:39:35","date_gmt":"2026-01-08T21:39:35","guid":{"rendered":"https:\/\/mczernohorsky.hak-digital.at\/?page_id=15"},"modified":"2026-01-08T22:39:36","modified_gmt":"2026-01-08T21:39:36","slug":"ueber-mich","status":"publish","type":"page","link":"https:\/\/mczernohorsky.hak-digital.at\/?page_id=15","title":{"rendered":"\u00dcber mich"},"content":{"rendered":"\n<p><\/p>\n\n\n\n<h2 class=\"wp-block-heading\">Wer bin ich eigentlich?<\/h2>\n\n\n\n<div class=\"wp-block-columns is-layout-flex wp-container-core-columns-is-layout-9d6595d7 wp-block-columns-is-layout-flex\">\n<div class=\"wp-block-column is-layout-flow wp-block-column-is-layout-flow\"><div class=\"wp-block-image\">\n<figure class=\"aligncenter size-full is-resized\"><img loading=\"lazy\" decoding=\"async\" width=\"681\" height=\"1024\" src=\"http:\/\/mczernohorsky.hak-digital.at\/wp-content\/uploads\/2026\/01\/Czernohorsky_Marie.jpg\" alt=\"\" class=\"wp-image-73\" style=\"aspect-ratio:0.665043677502506;width:349px;height:auto\" srcset=\"https:\/\/mczernohorsky.hak-digital.at\/wp-content\/uploads\/2026\/01\/Czernohorsky_Marie.jpg 681w, https:\/\/mczernohorsky.hak-digital.at\/wp-content\/uploads\/2026\/01\/Czernohorsky_Marie-200x300.jpg 200w\" sizes=\"auto, (max-width: 681px) 100vw, 681px\" \/><\/figure>\n<\/div><\/div>\n\n\n\n<div class=\"wp-block-column is-layout-flow wp-block-column-is-layout-flow\">\n<p><br>Ich bin Marie, ich bin 18 Jahre alt und gehe noch zur Schule. Ich lebe in Korneuburg und verbringe dort den Gro\u00dfteil meines Alltags. In meiner Freizeit reise ich besonders gerne. Das Entdecken neuer Orte, L\u00e4nder und Kulturen ist meine gro\u00dfe Leidenschaft, weil ich dabei viele neue Eindr\u00fccke sammle kann.<\/p>\n<\/div>\n<\/div>\n","protected":false},"excerpt":{"rendered":"<p>Wer bin ich eigentlich? Ich bin Marie, ich bin 18 Jahre alt und gehe noch zur Schule. Ich lebe in Korneuburg und verbringe dort den Gro\u00dfteil meines Alltags. In meiner Freizeit reise ich besonders gerne. Das Entdecken neuer Orte, L\u00e4nder und Kulturen ist meine gro\u00dfe Leidenschaft, weil ich dabei viele neue Eindr\u00fccke sammle kann.<\/p>\n","protected":false},"author":1,"featured_media":0,"parent":0,"menu_order":0,"comment_status":"closed","ping_status":"closed","template":"","meta":{"neve_meta_sidebar":"","neve_meta_container":"","neve_meta_enable_content_width":"","neve_meta_content_width":0,"neve_meta_title_alignment":"","neve_meta_author_avatar":"","neve_post_elements_order":"","neve_meta_disable_header":"","neve_meta_disable_footer":"","neve_meta_disable_title":"on","footnotes":""},"class_list":["post-15","page","type-page","status-publish","hentry"],"_links":{"self":[{"href":"https:\/\/mczernohorsky.hak-digital.at\/index.php?rest_route=\/wp\/v2\/pages\/15","targetHints":{"allow":["GET"]}}],"collection":[{"href":"https:\/\/mczernohorsky.hak-digital.at\/index.php?rest_route=\/wp\/v2\/pages"}],"about":[{"href":"https:\/\/mczernohorsky.hak-digital.at\/index.php?rest_route=\/wp\/v2\/types\/page"}],"author":[{"embeddable":true,"href":"https:\/\/mczernohorsky.hak-digital.at\/index.php?rest_route=\/wp\/v2\/users\/1"}],"replies":[{"embeddable":true,"href":"https:\/\/mczernohorsky.hak-digital.at\/index.php?rest_route=%2Fwp%2Fv2%2Fcomments&post=15"}],"version-history":[{"count":5,"href":"https:\/\/mczernohorsky.hak-digital.at\/index.php?rest_route=\/wp\/v2\/pages\/15\/revisions"}],"predecessor-version":[{"id":101,"href":"https:\/\/mczernohorsky.hak-digital.at\/index.php?rest_route=\/wp\/v2\/pages\/15\/revisions\/101"}],"wp:attachment":[{"href":"https:\/\/mczernohorsky.hak-digital.at\/index.php?rest_route=%2Fwp%2Fv2%2Fmedia&parent=15"}],"curies":[{"name":"wp","href":"https:\/\/api.w.org\/{rel}","templated":true}]}}